{"id":3154,"date":"2025-11-15T11:27:48","date_gmt":"2025-11-15T11:27:48","guid":{"rendered":"https:\/\/casarosa.fashion\/?post_type=product&#038;p=3154"},"modified":"2025-11-23T08:58:56","modified_gmt":"2025-11-23T08:58:56","slug":"robe-de-nuit-snow","status":"publish","type":"product","link":"https:\/\/casarosa.fashion\/index.php\/produit\/robe-de-nuit-snow\/","title":{"rendered":"Robe de nuit L\u00e9opard 3 -C-"},"content":{"rendered":"<p>Robe d\u2019int\u00e9rieur douce et l\u00e9g\u00e8re, en tissu coton chaud imprim\u00e9 de petits motifs noirs. Coupe droite confortable avec manches longues et fermeture boutonn\u00e9e pour un style cosy id\u00e9al \u00e0 la maison.<\/p>\n<p>REMARQUE :<\/p>\n<p>C&rsquo;est des tailles larges , de tel sorte que la taille\u00a0 -M- est \u00e9quivalent de -L- ou etc&#8230;<\/p>\n<p>TISSU : Coton qualit\u00e9 sup\u00e9rieure .<\/p>\n","protected":false},"excerpt":{"rendered":"<p>Robe d\u2019int\u00e9rieur douce et l\u00e9g\u00e8re, en tissu coton chaud imprim\u00e9 de petits motifs noirs. Coupe droite confortable avec manches longues et fermeture boutonn\u00e9e pour un style cosy id\u00e9al \u00e0 la maison. REMARQUE : C&rsquo;est des tailles larges , de tel sorte que la taille\u00a0 -M- est \u00e9quivalent de -L- ou etc&#8230; TISSU : Coton qualit\u00e9<\/p>\n<div class=\"klb-readmore entry-button\"><a class=\"btn link\" href=\"https:\/\/casarosa.fashion\/index.php\/produit\/robe-de-nuit-snow\/\">Lire la suite <i class=\"klbth-icon-right-arrow\"><\/i><\/a><\/div>\n","protected":false},"featured_media":3155,"comment_status":"open","ping_status":"closed","template":"","meta":[],"product_brand":[],"product_cat":[104,99],"product_tag":[],"class_list":{"0":"post-3154","1":"product","2":"type-product","3":"status-publish","4":"has-post-thumbnail","6":"product_cat-robes-de-nuit","7":"product_cat-vetements-de-nuit-et-lingerie","9":"first","10":"instock","11":"shipping-taxable","12":"purchasable","13":"product-type-variable"},"yoast_head":"<!-- This site is optimized with the Yoast SEO plugin v26.3 - https:\/\/yoast.com\/wordpress\/plugins\/seo\/ -->\n<title>Robe de nuit L\u00e9opard 3 -C- Casarosa boutique<\/title>\n<meta name=\"robots\" content=\"index, follow, max-snippet:-1, max-image-preview:large, max-video-preview:-1\" \/>\n<link rel=\"canonical\" href=\"https:\/\/casarosa.fashion\/index.php\/produit\/robe-de-nuit-snow\/\" \/>\n<meta property=\"og:locale\" content=\"fr_FR\" \/>\n<meta property=\"og:type\" content=\"article\" \/>\n<meta property=\"og:title\" content=\"Robe de nuit L\u00e9opard 3 -C- Casarosa boutique\" \/>\n<meta property=\"og:description\" content=\"Robe d\u2019int\u00e9rieur douce et l\u00e9g\u00e8re, en tissu coton chaud imprim\u00e9 de petits motifs noirs. Coupe droite confortable avec manches longues et fermeture boutonn\u00e9e pour un style cosy id\u00e9al \u00e0 la maison. REMARQUE : C&rsquo;est des tailles larges , de tel sorte que la taille\u00a0 -M- est \u00e9quivalent de -L- ou etc&#8230; TISSU : Coton qualit\u00e9Lire la suite\" \/>\n<meta property=\"og:url\" content=\"https:\/\/casarosa.fashion\/index.php\/produit\/robe-de-nuit-snow\/\" \/>\n<meta property=\"og:site_name\" content=\"Casarosa boutique\" \/>\n<meta property=\"article:modified_time\" content=\"2025-11-23T08:58:56+00:00\" \/>\n<meta property=\"og:image\" content=\"https:\/\/casarosa.fashion\/wp-content\/uploads\/2025\/11\/1-1.jpg\" \/>\n\t<meta property=\"og:image:width\" content=\"1080\" \/>\n\t<meta property=\"og:image:height\" content=\"1080\" \/>\n\t<meta property=\"og:image:type\" content=\"image\/jpeg\" \/>\n<meta name=\"twitter:card\" content=\"summary_large_image\" \/>\n<meta name=\"twitter:label1\" content=\"Dur\u00e9e de lecture estim\u00e9e\" \/>\n\t<meta name=\"twitter:data1\" content=\"1 minute\" \/>\n<script type=\"application\/ld+json\" class=\"yoast-schema-graph\">{\"@context\":\"https:\/\/schema.org\",\"@graph\":[{\"@type\":\"WebPage\",\"@id\":\"https:\/\/casarosa.fashion\/index.php\/produit\/robe-de-nuit-snow\/\",\"url\":\"https:\/\/casarosa.fashion\/index.php\/produit\/robe-de-nuit-snow\/\",\"name\":\"Robe de nuit L\u00e9opard 3 -C- Casarosa boutique\",\"isPartOf\":{\"@id\":\"https:\/\/casarosa.fashion\/#website\"},\"primaryImageOfPage\":{\"@id\":\"https:\/\/casarosa.fashion\/index.php\/produit\/robe-de-nuit-snow\/#primaryimage\"},\"image\":{\"@id\":\"https:\/\/casarosa.fashion\/index.php\/produit\/robe-de-nuit-snow\/#primaryimage\"},\"thumbnailUrl\":\"https:\/\/casarosa.fashion\/wp-content\/uploads\/2025\/11\/1-1.jpg\",\"datePublished\":\"2025-11-15T11:27:48+00:00\",\"dateModified\":\"2025-11-23T08:58:56+00:00\",\"breadcrumb\":{\"@id\":\"https:\/\/casarosa.fashion\/index.php\/produit\/robe-de-nuit-snow\/#breadcrumb\"},\"inLanguage\":\"fr-FR\",\"potentialAction\":[{\"@type\":\"ReadAction\",\"target\":[\"https:\/\/casarosa.fashion\/index.php\/produit\/robe-de-nuit-snow\/\"]}]},{\"@type\":\"ImageObject\",\"inLanguage\":\"fr-FR\",\"@id\":\"https:\/\/casarosa.fashion\/index.php\/produit\/robe-de-nuit-snow\/#primaryimage\",\"url\":\"https:\/\/casarosa.fashion\/wp-content\/uploads\/2025\/11\/1-1.jpg\",\"contentUrl\":\"https:\/\/casarosa.fashion\/wp-content\/uploads\/2025\/11\/1-1.jpg\",\"width\":1080,\"height\":1080},{\"@type\":\"BreadcrumbList\",\"@id\":\"https:\/\/casarosa.fashion\/index.php\/produit\/robe-de-nuit-snow\/#breadcrumb\",\"itemListElement\":[{\"@type\":\"ListItem\",\"position\":1,\"name\":\"Accueil\",\"item\":\"https:\/\/casarosa.fashion\/\"},{\"@type\":\"ListItem\",\"position\":2,\"name\":\"Produits\",\"item\":\"https:\/\/casarosa.fashion\/index.php\/themeforest-51yl843b-clotya-fashion-store-ecommerce-theme-zip\/\"},{\"@type\":\"ListItem\",\"position\":3,\"name\":\"Robe de nuit L\u00e9opard 3 -C-\"}]},{\"@type\":\"WebSite\",\"@id\":\"https:\/\/casarosa.fashion\/#website\",\"url\":\"https:\/\/casarosa.fashion\/\",\"name\":\"Casarosa boutique\",\"description\":\"\",\"potentialAction\":[{\"@type\":\"SearchAction\",\"target\":{\"@type\":\"EntryPoint\",\"urlTemplate\":\"https:\/\/casarosa.fashion\/?s={search_term_string}\"},\"query-input\":{\"@type\":\"PropertyValueSpecification\",\"valueRequired\":true,\"valueName\":\"search_term_string\"}}],\"inLanguage\":\"fr-FR\"}]}<\/script>\n<!-- \/ Yoast SEO plugin. -->","yoast_head_json":{"title":"Robe de nuit L\u00e9opard 3 -C- Casarosa boutique","robots":{"index":"index","follow":"follow","max-snippet":"max-snippet:-1","max-image-preview":"max-image-preview:large","max-video-preview":"max-video-preview:-1"},"canonical":"https:\/\/casarosa.fashion\/index.php\/produit\/robe-de-nuit-snow\/","og_locale":"fr_FR","og_type":"article","og_title":"Robe de nuit L\u00e9opard 3 -C- Casarosa boutique","og_description":"Robe d\u2019int\u00e9rieur douce et l\u00e9g\u00e8re, en tissu coton chaud imprim\u00e9 de petits motifs noirs. Coupe droite confortable avec manches longues et fermeture boutonn\u00e9e pour un style cosy id\u00e9al \u00e0 la maison. REMARQUE : C&rsquo;est des tailles larges , de tel sorte que la taille\u00a0 -M- est \u00e9quivalent de -L- ou etc&#8230; TISSU : Coton qualit\u00e9Lire la suite","og_url":"https:\/\/casarosa.fashion\/index.php\/produit\/robe-de-nuit-snow\/","og_site_name":"Casarosa boutique","article_modified_time":"2025-11-23T08:58:56+00:00","og_image":[{"width":1080,"height":1080,"url":"https:\/\/casarosa.fashion\/wp-content\/uploads\/2025\/11\/1-1.jpg","type":"image\/jpeg"}],"twitter_card":"summary_large_image","twitter_misc":{"Dur\u00e9e de lecture estim\u00e9e":"1 minute"},"schema":{"@context":"https:\/\/schema.org","@graph":[{"@type":"WebPage","@id":"https:\/\/casarosa.fashion\/index.php\/produit\/robe-de-nuit-snow\/","url":"https:\/\/casarosa.fashion\/index.php\/produit\/robe-de-nuit-snow\/","name":"Robe de nuit L\u00e9opard 3 -C- Casarosa boutique","isPartOf":{"@id":"https:\/\/casarosa.fashion\/#website"},"primaryImageOfPage":{"@id":"https:\/\/casarosa.fashion\/index.php\/produit\/robe-de-nuit-snow\/#primaryimage"},"image":{"@id":"https:\/\/casarosa.fashion\/index.php\/produit\/robe-de-nuit-snow\/#primaryimage"},"thumbnailUrl":"https:\/\/casarosa.fashion\/wp-content\/uploads\/2025\/11\/1-1.jpg","datePublished":"2025-11-15T11:27:48+00:00","dateModified":"2025-11-23T08:58:56+00:00","breadcrumb":{"@id":"https:\/\/casarosa.fashion\/index.php\/produit\/robe-de-nuit-snow\/#breadcrumb"},"inLanguage":"fr-FR","potentialAction":[{"@type":"ReadAction","target":["https:\/\/casarosa.fashion\/index.php\/produit\/robe-de-nuit-snow\/"]}]},{"@type":"ImageObject","inLanguage":"fr-FR","@id":"https:\/\/casarosa.fashion\/index.php\/produit\/robe-de-nuit-snow\/#primaryimage","url":"https:\/\/casarosa.fashion\/wp-content\/uploads\/2025\/11\/1-1.jpg","contentUrl":"https:\/\/casarosa.fashion\/wp-content\/uploads\/2025\/11\/1-1.jpg","width":1080,"height":1080},{"@type":"BreadcrumbList","@id":"https:\/\/casarosa.fashion\/index.php\/produit\/robe-de-nuit-snow\/#breadcrumb","itemListElement":[{"@type":"ListItem","position":1,"name":"Accueil","item":"https:\/\/casarosa.fashion\/"},{"@type":"ListItem","position":2,"name":"Produits","item":"https:\/\/casarosa.fashion\/index.php\/themeforest-51yl843b-clotya-fashion-store-ecommerce-theme-zip\/"},{"@type":"ListItem","position":3,"name":"Robe de nuit L\u00e9opard 3 -C-"}]},{"@type":"WebSite","@id":"https:\/\/casarosa.fashion\/#website","url":"https:\/\/casarosa.fashion\/","name":"Casarosa boutique","description":"","potentialAction":[{"@type":"SearchAction","target":{"@type":"EntryPoint","urlTemplate":"https:\/\/casarosa.fashion\/?s={search_term_string}"},"query-input":{"@type":"PropertyValueSpecification","valueRequired":true,"valueName":"search_term_string"}}],"inLanguage":"fr-FR"}]}},"jetpack_sharing_enabled":true,"_links":{"self":[{"href":"https:\/\/casarosa.fashion\/index.php\/wp-json\/wp\/v2\/product\/3154","targetHints":{"allow":["GET"]}}],"collection":[{"href":"https:\/\/casarosa.fashion\/index.php\/wp-json\/wp\/v2\/product"}],"about":[{"href":"https:\/\/casarosa.fashion\/index.php\/wp-json\/wp\/v2\/types\/product"}],"replies":[{"embeddable":true,"href":"https:\/\/casarosa.fashion\/index.php\/wp-json\/wp\/v2\/comments?post=3154"}],"version-history":[{"count":7,"href":"https:\/\/casarosa.fashion\/index.php\/wp-json\/wp\/v2\/product\/3154\/revisions"}],"predecessor-version":[{"id":3799,"href":"https:\/\/casarosa.fashion\/index.php\/wp-json\/wp\/v2\/product\/3154\/revisions\/3799"}],"wp:featuredmedia":[{"embeddable":true,"href":"https:\/\/casarosa.fashion\/index.php\/wp-json\/wp\/v2\/media\/3155"}],"wp:attachment":[{"href":"https:\/\/casarosa.fashion\/index.php\/wp-json\/wp\/v2\/media?parent=3154"}],"wp:term":[{"taxonomy":"product_brand","embeddable":true,"href":"https:\/\/casarosa.fashion\/index.php\/wp-json\/wp\/v2\/product_brand?post=3154"},{"taxonomy":"product_cat","embeddable":true,"href":"https:\/\/casarosa.fashion\/index.php\/wp-json\/wp\/v2\/product_cat?post=3154"},{"taxonomy":"product_tag","embeddable":true,"href":"https:\/\/casarosa.fashion\/index.php\/wp-json\/wp\/v2\/product_tag?post=3154"}],"curies":[{"name":"wp","href":"https:\/\/api.w.org\/{rel}","templated":true}]}}