{"id":3112,"date":"2025-11-13T09:21:40","date_gmt":"2025-11-13T09:21:40","guid":{"rendered":"https:\/\/casarosa.fashion\/?post_type=product&#038;p=3112"},"modified":"2025-11-23T08:44:40","modified_gmt":"2025-11-23T08:44:40","slug":"robe-chemise-leopard-rose","status":"publish","type":"product","link":"https:\/\/casarosa.fashion\/index.php\/produit\/robe-chemise-leopard-rose\/","title":{"rendered":"Robe de nuit L\u00e9opard 9-C-"},"content":{"rendered":"<p>Robe en polaire rose orn\u00e9 l\u00e9opard imprim\u00e9 tachet\u00e9. Doux, chaud et \u00e9l\u00e9gant, il offre un confort absolu pour des nuits paisibles et styl\u00e9es.<\/p>\n<p>REMARQUE :<br \/>\nC&rsquo;est des tailles larges , de tel sorte que la taille -M- est \u00e9quivalente de -L- ou etc&#8230;<\/p>\n<p>TISSU : Velour \u00e9lastique qualit\u00e9 sup\u00e9rieure .<\/p>\n","protected":false},"excerpt":{"rendered":"<p>Robe en polaire rose orn\u00e9 l\u00e9opard imprim\u00e9 tachet\u00e9. Doux, chaud et \u00e9l\u00e9gant, il offre un confort absolu pour des nuits paisibles et styl\u00e9es. REMARQUE : C&rsquo;est des tailles larges , de tel sorte que la taille -M- est \u00e9quivalente de -L- ou etc&#8230; TISSU : Velour \u00e9lastique qualit\u00e9 sup\u00e9rieure .<\/p>\n","protected":false},"featured_media":3113,"comment_status":"open","ping_status":"closed","template":"","meta":[],"product_brand":[],"product_cat":[104,99],"product_tag":[],"class_list":{"0":"post-3112","1":"product","2":"type-product","3":"status-publish","4":"has-post-thumbnail","6":"product_cat-robes-de-nuit","7":"product_cat-vetements-de-nuit-et-lingerie","9":"first","10":"instock","11":"featured","12":"shipping-taxable","13":"purchasable","14":"product-type-variable"},"yoast_head":"<!-- This site is optimized with the Yoast SEO plugin v26.3 - https:\/\/yoast.com\/wordpress\/plugins\/seo\/ -->\n<title>Robe de nuit L\u00e9opard 9-C- Casarosa boutique<\/title>\n<meta name=\"robots\" content=\"index, follow, max-snippet:-1, max-image-preview:large, max-video-preview:-1\" \/>\n<link rel=\"canonical\" href=\"https:\/\/casarosa.fashion\/index.php\/produit\/robe-chemise-leopard-rose\/\" \/>\n<meta property=\"og:locale\" content=\"fr_FR\" \/>\n<meta property=\"og:type\" content=\"article\" \/>\n<meta property=\"og:title\" content=\"Robe de nuit L\u00e9opard 9-C- Casarosa boutique\" \/>\n<meta property=\"og:description\" content=\"Robe en polaire rose orn\u00e9 l\u00e9opard imprim\u00e9 tachet\u00e9. Doux, chaud et \u00e9l\u00e9gant, il offre un confort absolu pour des nuits paisibles et styl\u00e9es. REMARQUE : C&rsquo;est des tailles larges , de tel sorte que la taille -M- est \u00e9quivalente de -L- ou etc&#8230; TISSU : Velour \u00e9lastique qualit\u00e9 sup\u00e9rieure .\" \/>\n<meta property=\"og:url\" content=\"https:\/\/casarosa.fashion\/index.php\/produit\/robe-chemise-leopard-rose\/\" \/>\n<meta property=\"og:site_name\" content=\"Casarosa boutique\" \/>\n<meta property=\"article:modified_time\" content=\"2025-11-23T08:44:40+00:00\" \/>\n<meta property=\"og:image\" content=\"https:\/\/casarosa.fashion\/wp-content\/uploads\/2025\/11\/8.jpg\" \/>\n\t<meta property=\"og:image:width\" content=\"1080\" \/>\n\t<meta property=\"og:image:height\" content=\"1080\" \/>\n\t<meta property=\"og:image:type\" content=\"image\/jpeg\" \/>\n<meta name=\"twitter:card\" content=\"summary_large_image\" \/>\n<meta name=\"twitter:label1\" content=\"Dur\u00e9e de lecture estim\u00e9e\" \/>\n\t<meta name=\"twitter:data1\" content=\"1 minute\" \/>\n<script type=\"application\/ld+json\" class=\"yoast-schema-graph\">{\"@context\":\"https:\/\/schema.org\",\"@graph\":[{\"@type\":\"WebPage\",\"@id\":\"https:\/\/casarosa.fashion\/index.php\/produit\/robe-chemise-leopard-rose\/\",\"url\":\"https:\/\/casarosa.fashion\/index.php\/produit\/robe-chemise-leopard-rose\/\",\"name\":\"Robe de nuit L\u00e9opard 9-C- Casarosa boutique\",\"isPartOf\":{\"@id\":\"https:\/\/casarosa.fashion\/#website\"},\"primaryImageOfPage\":{\"@id\":\"https:\/\/casarosa.fashion\/index.php\/produit\/robe-chemise-leopard-rose\/#primaryimage\"},\"image\":{\"@id\":\"https:\/\/casarosa.fashion\/index.php\/produit\/robe-chemise-leopard-rose\/#primaryimage\"},\"thumbnailUrl\":\"https:\/\/casarosa.fashion\/wp-content\/uploads\/2025\/11\/8.jpg\",\"datePublished\":\"2025-11-13T09:21:40+00:00\",\"dateModified\":\"2025-11-23T08:44:40+00:00\",\"breadcrumb\":{\"@id\":\"https:\/\/casarosa.fashion\/index.php\/produit\/robe-chemise-leopard-rose\/#breadcrumb\"},\"inLanguage\":\"fr-FR\",\"potentialAction\":[{\"@type\":\"ReadAction\",\"target\":[\"https:\/\/casarosa.fashion\/index.php\/produit\/robe-chemise-leopard-rose\/\"]}]},{\"@type\":\"ImageObject\",\"inLanguage\":\"fr-FR\",\"@id\":\"https:\/\/casarosa.fashion\/index.php\/produit\/robe-chemise-leopard-rose\/#primaryimage\",\"url\":\"https:\/\/casarosa.fashion\/wp-content\/uploads\/2025\/11\/8.jpg\",\"contentUrl\":\"https:\/\/casarosa.fashion\/wp-content\/uploads\/2025\/11\/8.jpg\",\"width\":1080,\"height\":1080},{\"@type\":\"BreadcrumbList\",\"@id\":\"https:\/\/casarosa.fashion\/index.php\/produit\/robe-chemise-leopard-rose\/#breadcrumb\",\"itemListElement\":[{\"@type\":\"ListItem\",\"position\":1,\"name\":\"Accueil\",\"item\":\"https:\/\/casarosa.fashion\/\"},{\"@type\":\"ListItem\",\"position\":2,\"name\":\"Produits\",\"item\":\"https:\/\/casarosa.fashion\/index.php\/themeforest-51yl843b-clotya-fashion-store-ecommerce-theme-zip\/\"},{\"@type\":\"ListItem\",\"position\":3,\"name\":\"Robe de nuit L\u00e9opard 9-C-\"}]},{\"@type\":\"WebSite\",\"@id\":\"https:\/\/casarosa.fashion\/#website\",\"url\":\"https:\/\/casarosa.fashion\/\",\"name\":\"Casarosa boutique\",\"description\":\"\",\"potentialAction\":[{\"@type\":\"SearchAction\",\"target\":{\"@type\":\"EntryPoint\",\"urlTemplate\":\"https:\/\/casarosa.fashion\/?s={search_term_string}\"},\"query-input\":{\"@type\":\"PropertyValueSpecification\",\"valueRequired\":true,\"valueName\":\"search_term_string\"}}],\"inLanguage\":\"fr-FR\"}]}<\/script>\n<!-- \/ Yoast SEO plugin. -->","yoast_head_json":{"title":"Robe de nuit L\u00e9opard 9-C- Casarosa boutique","robots":{"index":"index","follow":"follow","max-snippet":"max-snippet:-1","max-image-preview":"max-image-preview:large","max-video-preview":"max-video-preview:-1"},"canonical":"https:\/\/casarosa.fashion\/index.php\/produit\/robe-chemise-leopard-rose\/","og_locale":"fr_FR","og_type":"article","og_title":"Robe de nuit L\u00e9opard 9-C- Casarosa boutique","og_description":"Robe en polaire rose orn\u00e9 l\u00e9opard imprim\u00e9 tachet\u00e9. Doux, chaud et \u00e9l\u00e9gant, il offre un confort absolu pour des nuits paisibles et styl\u00e9es. REMARQUE : C&rsquo;est des tailles larges , de tel sorte que la taille -M- est \u00e9quivalente de -L- ou etc&#8230; TISSU : Velour \u00e9lastique qualit\u00e9 sup\u00e9rieure .","og_url":"https:\/\/casarosa.fashion\/index.php\/produit\/robe-chemise-leopard-rose\/","og_site_name":"Casarosa boutique","article_modified_time":"2025-11-23T08:44:40+00:00","og_image":[{"width":1080,"height":1080,"url":"https:\/\/casarosa.fashion\/wp-content\/uploads\/2025\/11\/8.jpg","type":"image\/jpeg"}],"twitter_card":"summary_large_image","twitter_misc":{"Dur\u00e9e de lecture estim\u00e9e":"1 minute"},"schema":{"@context":"https:\/\/schema.org","@graph":[{"@type":"WebPage","@id":"https:\/\/casarosa.fashion\/index.php\/produit\/robe-chemise-leopard-rose\/","url":"https:\/\/casarosa.fashion\/index.php\/produit\/robe-chemise-leopard-rose\/","name":"Robe de nuit L\u00e9opard 9-C- Casarosa boutique","isPartOf":{"@id":"https:\/\/casarosa.fashion\/#website"},"primaryImageOfPage":{"@id":"https:\/\/casarosa.fashion\/index.php\/produit\/robe-chemise-leopard-rose\/#primaryimage"},"image":{"@id":"https:\/\/casarosa.fashion\/index.php\/produit\/robe-chemise-leopard-rose\/#primaryimage"},"thumbnailUrl":"https:\/\/casarosa.fashion\/wp-content\/uploads\/2025\/11\/8.jpg","datePublished":"2025-11-13T09:21:40+00:00","dateModified":"2025-11-23T08:44:40+00:00","breadcrumb":{"@id":"https:\/\/casarosa.fashion\/index.php\/produit\/robe-chemise-leopard-rose\/#breadcrumb"},"inLanguage":"fr-FR","potentialAction":[{"@type":"ReadAction","target":["https:\/\/casarosa.fashion\/index.php\/produit\/robe-chemise-leopard-rose\/"]}]},{"@type":"ImageObject","inLanguage":"fr-FR","@id":"https:\/\/casarosa.fashion\/index.php\/produit\/robe-chemise-leopard-rose\/#primaryimage","url":"https:\/\/casarosa.fashion\/wp-content\/uploads\/2025\/11\/8.jpg","contentUrl":"https:\/\/casarosa.fashion\/wp-content\/uploads\/2025\/11\/8.jpg","width":1080,"height":1080},{"@type":"BreadcrumbList","@id":"https:\/\/casarosa.fashion\/index.php\/produit\/robe-chemise-leopard-rose\/#breadcrumb","itemListElement":[{"@type":"ListItem","position":1,"name":"Accueil","item":"https:\/\/casarosa.fashion\/"},{"@type":"ListItem","position":2,"name":"Produits","item":"https:\/\/casarosa.fashion\/index.php\/themeforest-51yl843b-clotya-fashion-store-ecommerce-theme-zip\/"},{"@type":"ListItem","position":3,"name":"Robe de nuit L\u00e9opard 9-C-"}]},{"@type":"WebSite","@id":"https:\/\/casarosa.fashion\/#website","url":"https:\/\/casarosa.fashion\/","name":"Casarosa boutique","description":"","potentialAction":[{"@type":"SearchAction","target":{"@type":"EntryPoint","urlTemplate":"https:\/\/casarosa.fashion\/?s={search_term_string}"},"query-input":{"@type":"PropertyValueSpecification","valueRequired":true,"valueName":"search_term_string"}}],"inLanguage":"fr-FR"}]}},"jetpack_sharing_enabled":true,"_links":{"self":[{"href":"https:\/\/casarosa.fashion\/index.php\/wp-json\/wp\/v2\/product\/3112","targetHints":{"allow":["GET"]}}],"collection":[{"href":"https:\/\/casarosa.fashion\/index.php\/wp-json\/wp\/v2\/product"}],"about":[{"href":"https:\/\/casarosa.fashion\/index.php\/wp-json\/wp\/v2\/types\/product"}],"replies":[{"embeddable":true,"href":"https:\/\/casarosa.fashion\/index.php\/wp-json\/wp\/v2\/comments?post=3112"}],"version-history":[{"count":9,"href":"https:\/\/casarosa.fashion\/index.php\/wp-json\/wp\/v2\/product\/3112\/revisions"}],"predecessor-version":[{"id":3777,"href":"https:\/\/casarosa.fashion\/index.php\/wp-json\/wp\/v2\/product\/3112\/revisions\/3777"}],"wp:featuredmedia":[{"embeddable":true,"href":"https:\/\/casarosa.fashion\/index.php\/wp-json\/wp\/v2\/media\/3113"}],"wp:attachment":[{"href":"https:\/\/casarosa.fashion\/index.php\/wp-json\/wp\/v2\/media?parent=3112"}],"wp:term":[{"taxonomy":"product_brand","embeddable":true,"href":"https:\/\/casarosa.fashion\/index.php\/wp-json\/wp\/v2\/product_brand?post=3112"},{"taxonomy":"product_cat","embeddable":true,"href":"https:\/\/casarosa.fashion\/index.php\/wp-json\/wp\/v2\/product_cat?post=3112"},{"taxonomy":"product_tag","embeddable":true,"href":"https:\/\/casarosa.fashion\/index.php\/wp-json\/wp\/v2\/product_tag?post=3112"}],"curies":[{"name":"wp","href":"https:\/\/api.w.org\/{rel}","templated":true}]}}