{"id":3091,"date":"2025-11-12T18:46:55","date_gmt":"2025-11-12T18:46:55","guid":{"rendered":"https:\/\/casarosa.fashion\/?post_type=product&#038;p=3091"},"modified":"2025-11-22T20:33:45","modified_gmt":"2025-11-22T20:33:45","slug":"pyjama-panda-gris","status":"publish","type":"product","link":"https:\/\/casarosa.fashion\/index.php\/produit\/pyjama-panda-gris\/","title":{"rendered":"PYJAMA GRIS ASPIRINE tablier -C-"},"content":{"rendered":"<p>Pyjama gris clair ultra doux en tissu polaire, d\u00e9cor\u00e9 de petits c\u0153urs blancs et d\u2019un motif \u201cPanda\u201d sur la poitrine. Confortable et chaud, parfait pour des nuits cocooning en hiver.<\/p>\n<p>REMARQUE :<\/p>\n<p>C&rsquo;est des tailles larges , de tel sorte que la taille\u00a0 -M- est \u00e9quivalente de -L- ou etc&#8230;<\/p>\n<p>TISSU : Coton qualit\u00e9 sup\u00e9rieure .<\/p>\n","protected":false},"excerpt":{"rendered":"<p>Pyjama gris clair ultra doux en tissu polaire, d\u00e9cor\u00e9 de petits c\u0153urs blancs et d\u2019un motif \u201cPanda\u201d sur la poitrine. Confortable et chaud, parfait pour des nuits cocooning en hiver. REMARQUE : C&rsquo;est des tailles larges , de tel sorte que la taille\u00a0 -M- est \u00e9quivalente de -L- ou etc&#8230; TISSU : Coton qualit\u00e9 sup\u00e9rieure<\/p>\n<div class=\"klb-readmore entry-button\"><a class=\"btn link\" href=\"https:\/\/casarosa.fashion\/index.php\/produit\/pyjama-panda-gris\/\">Lire la suite <i class=\"klbth-icon-right-arrow\"><\/i><\/a><\/div>\n","protected":false},"featured_media":3092,"comment_status":"open","ping_status":"closed","template":"","meta":[],"product_brand":[],"product_cat":[101,99],"product_tag":[],"class_list":{"0":"post-3091","1":"product","2":"type-product","3":"status-publish","4":"has-post-thumbnail","6":"product_cat-pyjamas","7":"product_cat-vetements-de-nuit-et-lingerie","9":"first","10":"instock","11":"shipping-taxable","12":"product-type-variable"},"yoast_head":"<!-- This site is optimized with the Yoast SEO plugin v26.3 - https:\/\/yoast.com\/wordpress\/plugins\/seo\/ -->\n<title>PYJAMA GRIS ASPIRINE tablier -C- Casarosa boutique<\/title>\n<meta name=\"robots\" content=\"index, follow, max-snippet:-1, max-image-preview:large, max-video-preview:-1\" \/>\n<link rel=\"canonical\" href=\"https:\/\/casarosa.fashion\/index.php\/produit\/pyjama-panda-gris\/\" \/>\n<meta property=\"og:locale\" content=\"fr_FR\" \/>\n<meta property=\"og:type\" content=\"article\" \/>\n<meta property=\"og:title\" content=\"PYJAMA GRIS ASPIRINE tablier -C- Casarosa boutique\" \/>\n<meta property=\"og:description\" content=\"Pyjama gris clair ultra doux en tissu polaire, d\u00e9cor\u00e9 de petits c\u0153urs blancs et d\u2019un motif \u201cPanda\u201d sur la poitrine. Confortable et chaud, parfait pour des nuits cocooning en hiver. REMARQUE : C&rsquo;est des tailles larges , de tel sorte que la taille\u00a0 -M- est \u00e9quivalente de -L- ou etc&#8230; TISSU : Coton qualit\u00e9 sup\u00e9rieureLire la suite\" \/>\n<meta property=\"og:url\" content=\"https:\/\/casarosa.fashion\/index.php\/produit\/pyjama-panda-gris\/\" \/>\n<meta property=\"og:site_name\" content=\"Casarosa boutique\" \/>\n<meta property=\"article:modified_time\" content=\"2025-11-22T20:33:45+00:00\" \/>\n<meta property=\"og:image\" content=\"https:\/\/casarosa.fashion\/wp-content\/uploads\/2025\/11\/photo-10-of-30.jpg\" \/>\n\t<meta property=\"og:image:width\" content=\"800\" \/>\n\t<meta property=\"og:image:height\" content=\"800\" \/>\n\t<meta property=\"og:image:type\" content=\"image\/jpeg\" \/>\n<meta name=\"twitter:card\" content=\"summary_large_image\" \/>\n<meta name=\"twitter:label1\" content=\"Dur\u00e9e de lecture estim\u00e9e\" \/>\n\t<meta name=\"twitter:data1\" content=\"1 minute\" \/>\n<script type=\"application\/ld+json\" class=\"yoast-schema-graph\">{\"@context\":\"https:\/\/schema.org\",\"@graph\":[{\"@type\":\"WebPage\",\"@id\":\"https:\/\/casarosa.fashion\/index.php\/produit\/pyjama-panda-gris\/\",\"url\":\"https:\/\/casarosa.fashion\/index.php\/produit\/pyjama-panda-gris\/\",\"name\":\"PYJAMA GRIS ASPIRINE tablier -C- Casarosa boutique\",\"isPartOf\":{\"@id\":\"https:\/\/casarosa.fashion\/#website\"},\"primaryImageOfPage\":{\"@id\":\"https:\/\/casarosa.fashion\/index.php\/produit\/pyjama-panda-gris\/#primaryimage\"},\"image\":{\"@id\":\"https:\/\/casarosa.fashion\/index.php\/produit\/pyjama-panda-gris\/#primaryimage\"},\"thumbnailUrl\":\"https:\/\/casarosa.fashion\/wp-content\/uploads\/2025\/11\/photo-10-of-30.jpg\",\"datePublished\":\"2025-11-12T18:46:55+00:00\",\"dateModified\":\"2025-11-22T20:33:45+00:00\",\"breadcrumb\":{\"@id\":\"https:\/\/casarosa.fashion\/index.php\/produit\/pyjama-panda-gris\/#breadcrumb\"},\"inLanguage\":\"fr-FR\",\"potentialAction\":[{\"@type\":\"ReadAction\",\"target\":[\"https:\/\/casarosa.fashion\/index.php\/produit\/pyjama-panda-gris\/\"]}]},{\"@type\":\"ImageObject\",\"inLanguage\":\"fr-FR\",\"@id\":\"https:\/\/casarosa.fashion\/index.php\/produit\/pyjama-panda-gris\/#primaryimage\",\"url\":\"https:\/\/casarosa.fashion\/wp-content\/uploads\/2025\/11\/photo-10-of-30.jpg\",\"contentUrl\":\"https:\/\/casarosa.fashion\/wp-content\/uploads\/2025\/11\/photo-10-of-30.jpg\",\"width\":800,\"height\":800},{\"@type\":\"BreadcrumbList\",\"@id\":\"https:\/\/casarosa.fashion\/index.php\/produit\/pyjama-panda-gris\/#breadcrumb\",\"itemListElement\":[{\"@type\":\"ListItem\",\"position\":1,\"name\":\"Accueil\",\"item\":\"https:\/\/casarosa.fashion\/\"},{\"@type\":\"ListItem\",\"position\":2,\"name\":\"Produits\",\"item\":\"https:\/\/casarosa.fashion\/index.php\/themeforest-51yl843b-clotya-fashion-store-ecommerce-theme-zip\/\"},{\"@type\":\"ListItem\",\"position\":3,\"name\":\"PYJAMA GRIS ASPIRINE tablier -C-\"}]},{\"@type\":\"WebSite\",\"@id\":\"https:\/\/casarosa.fashion\/#website\",\"url\":\"https:\/\/casarosa.fashion\/\",\"name\":\"Casarosa boutique\",\"description\":\"\",\"potentialAction\":[{\"@type\":\"SearchAction\",\"target\":{\"@type\":\"EntryPoint\",\"urlTemplate\":\"https:\/\/casarosa.fashion\/?s={search_term_string}\"},\"query-input\":{\"@type\":\"PropertyValueSpecification\",\"valueRequired\":true,\"valueName\":\"search_term_string\"}}],\"inLanguage\":\"fr-FR\"}]}<\/script>\n<!-- \/ Yoast SEO plugin. -->","yoast_head_json":{"title":"PYJAMA GRIS ASPIRINE tablier -C- Casarosa boutique","robots":{"index":"index","follow":"follow","max-snippet":"max-snippet:-1","max-image-preview":"max-image-preview:large","max-video-preview":"max-video-preview:-1"},"canonical":"https:\/\/casarosa.fashion\/index.php\/produit\/pyjama-panda-gris\/","og_locale":"fr_FR","og_type":"article","og_title":"PYJAMA GRIS ASPIRINE tablier -C- Casarosa boutique","og_description":"Pyjama gris clair ultra doux en tissu polaire, d\u00e9cor\u00e9 de petits c\u0153urs blancs et d\u2019un motif \u201cPanda\u201d sur la poitrine. Confortable et chaud, parfait pour des nuits cocooning en hiver. REMARQUE : C&rsquo;est des tailles larges , de tel sorte que la taille\u00a0 -M- est \u00e9quivalente de -L- ou etc&#8230; TISSU : Coton qualit\u00e9 sup\u00e9rieureLire la suite","og_url":"https:\/\/casarosa.fashion\/index.php\/produit\/pyjama-panda-gris\/","og_site_name":"Casarosa boutique","article_modified_time":"2025-11-22T20:33:45+00:00","og_image":[{"width":800,"height":800,"url":"https:\/\/casarosa.fashion\/wp-content\/uploads\/2025\/11\/photo-10-of-30.jpg","type":"image\/jpeg"}],"twitter_card":"summary_large_image","twitter_misc":{"Dur\u00e9e de lecture estim\u00e9e":"1 minute"},"schema":{"@context":"https:\/\/schema.org","@graph":[{"@type":"WebPage","@id":"https:\/\/casarosa.fashion\/index.php\/produit\/pyjama-panda-gris\/","url":"https:\/\/casarosa.fashion\/index.php\/produit\/pyjama-panda-gris\/","name":"PYJAMA GRIS ASPIRINE tablier -C- Casarosa boutique","isPartOf":{"@id":"https:\/\/casarosa.fashion\/#website"},"primaryImageOfPage":{"@id":"https:\/\/casarosa.fashion\/index.php\/produit\/pyjama-panda-gris\/#primaryimage"},"image":{"@id":"https:\/\/casarosa.fashion\/index.php\/produit\/pyjama-panda-gris\/#primaryimage"},"thumbnailUrl":"https:\/\/casarosa.fashion\/wp-content\/uploads\/2025\/11\/photo-10-of-30.jpg","datePublished":"2025-11-12T18:46:55+00:00","dateModified":"2025-11-22T20:33:45+00:00","breadcrumb":{"@id":"https:\/\/casarosa.fashion\/index.php\/produit\/pyjama-panda-gris\/#breadcrumb"},"inLanguage":"fr-FR","potentialAction":[{"@type":"ReadAction","target":["https:\/\/casarosa.fashion\/index.php\/produit\/pyjama-panda-gris\/"]}]},{"@type":"ImageObject","inLanguage":"fr-FR","@id":"https:\/\/casarosa.fashion\/index.php\/produit\/pyjama-panda-gris\/#primaryimage","url":"https:\/\/casarosa.fashion\/wp-content\/uploads\/2025\/11\/photo-10-of-30.jpg","contentUrl":"https:\/\/casarosa.fashion\/wp-content\/uploads\/2025\/11\/photo-10-of-30.jpg","width":800,"height":800},{"@type":"BreadcrumbList","@id":"https:\/\/casarosa.fashion\/index.php\/produit\/pyjama-panda-gris\/#breadcrumb","itemListElement":[{"@type":"ListItem","position":1,"name":"Accueil","item":"https:\/\/casarosa.fashion\/"},{"@type":"ListItem","position":2,"name":"Produits","item":"https:\/\/casarosa.fashion\/index.php\/themeforest-51yl843b-clotya-fashion-store-ecommerce-theme-zip\/"},{"@type":"ListItem","position":3,"name":"PYJAMA GRIS ASPIRINE tablier -C-"}]},{"@type":"WebSite","@id":"https:\/\/casarosa.fashion\/#website","url":"https:\/\/casarosa.fashion\/","name":"Casarosa boutique","description":"","potentialAction":[{"@type":"SearchAction","target":{"@type":"EntryPoint","urlTemplate":"https:\/\/casarosa.fashion\/?s={search_term_string}"},"query-input":{"@type":"PropertyValueSpecification","valueRequired":true,"valueName":"search_term_string"}}],"inLanguage":"fr-FR"}]}},"jetpack_sharing_enabled":true,"_links":{"self":[{"href":"https:\/\/casarosa.fashion\/index.php\/wp-json\/wp\/v2\/product\/3091","targetHints":{"allow":["GET"]}}],"collection":[{"href":"https:\/\/casarosa.fashion\/index.php\/wp-json\/wp\/v2\/product"}],"about":[{"href":"https:\/\/casarosa.fashion\/index.php\/wp-json\/wp\/v2\/types\/product"}],"replies":[{"embeddable":true,"href":"https:\/\/casarosa.fashion\/index.php\/wp-json\/wp\/v2\/comments?post=3091"}],"version-history":[{"count":6,"href":"https:\/\/casarosa.fashion\/index.php\/wp-json\/wp\/v2\/product\/3091\/revisions"}],"predecessor-version":[{"id":3770,"href":"https:\/\/casarosa.fashion\/index.php\/wp-json\/wp\/v2\/product\/3091\/revisions\/3770"}],"wp:featuredmedia":[{"embeddable":true,"href":"https:\/\/casarosa.fashion\/index.php\/wp-json\/wp\/v2\/media\/3092"}],"wp:attachment":[{"href":"https:\/\/casarosa.fashion\/index.php\/wp-json\/wp\/v2\/media?parent=3091"}],"wp:term":[{"taxonomy":"product_brand","embeddable":true,"href":"https:\/\/casarosa.fashion\/index.php\/wp-json\/wp\/v2\/product_brand?post=3091"},{"taxonomy":"product_cat","embeddable":true,"href":"https:\/\/casarosa.fashion\/index.php\/wp-json\/wp\/v2\/product_cat?post=3091"},{"taxonomy":"product_tag","embeddable":true,"href":"https:\/\/casarosa.fashion\/index.php\/wp-json\/wp\/v2\/product_tag?post=3091"}],"curies":[{"name":"wp","href":"https:\/\/api.w.org\/{rel}","templated":true}]}}