{"id":2181,"date":"2022-06-04T06:09:03","date_gmt":"2022-06-04T06:09:03","guid":{"rendered":"https:\/\/klbtheme.com\/clotya\/?page_id=2181"},"modified":"2025-11-18T17:35:33","modified_gmt":"2025-11-18T17:35:33","slug":"contact","status":"publish","type":"page","link":"https:\/\/casarosa.fashion\/index.php\/contact\/","title":{"rendered":"Contact"},"content":{"rendered":"\t\t<div data-elementor-type=\"wp-page\" data-elementor-id=\"2181\" class=\"elementor elementor-2181\">\n\t\t\t\t\t\t<section class=\"elementor-section elementor-top-section elementor-element elementor-element-1d56c32 elementor-section-full_width elementor-section-height-default elementor-section-height-default\" data-id=\"1d56c32\" data-element_type=\"section\">\n\t\t\t\t\t\t<div class=\"elementor-container elementor-column-gap-no\">\n\t\t\t\t\t<div class=\"elementor-column elementor-col-100 elementor-top-column elementor-element elementor-element-56e2593\" data-id=\"56e2593\" data-element_type=\"column\">\n\t\t\t<div class=\"elementor-widget-wrap elementor-element-populated\">\n\t\t\t\t\t\t<div class=\"elementor-element elementor-element-9d3043a elementor-widget elementor-widget-image\" data-id=\"9d3043a\" data-element_type=\"widget\" data-widget_type=\"image.default\">\n\t\t\t\t\t\t\t\t\t\t\t\t\t\t\t<img decoding=\"async\" src=\"https:\/\/casarosa.fashion\/wp-content\/uploads\/elementor\/thumbs\/image-15-re7vjhej80v1ky4qc2d4gnxf8ta1o6wyaqgmgnb188.jpg\" title=\"image-15\" alt=\"image-15\" loading=\"lazy\" \/>\t\t\t\t\t\t\t\t\t\t\t\t\t\t\t<\/div>\n\t\t\t\t\t<\/div>\n\t\t<\/div>\n\t\t\t\t\t<\/div>\n\t\t<\/section>\n\t\t\t\t<section class=\"elementor-section elementor-top-section elementor-element elementor-element-e1cf337 elementor-section-boxed elementor-section-height-default elementor-section-height-default\" data-id=\"e1cf337\" data-element_type=\"section\">\n\t\t\t\t\t\t<div class=\"elementor-container elementor-column-gap-extended\">\n\t\t\t\t\t<div class=\"elementor-column elementor-col-50 elementor-top-column elementor-element elementor-element-66286e9 for-hero-bg\" data-id=\"66286e9\" data-element_type=\"column\">\n\t\t\t<div class=\"elementor-widget-wrap elementor-element-populated\">\n\t\t\t\t\t\t<div class=\"elementor-element elementor-element-f3a7565 elementor-widget elementor-widget-heading\" data-id=\"f3a7565\" data-element_type=\"widget\" data-widget_type=\"heading.default\">\n\t\t\t\t\t<h4 class=\"elementor-heading-title elementor-size-default\">Contactez-nous<\/h4>\t\t\t\t<\/div>\n\t\t\t\t<div class=\"elementor-element elementor-element-e606ac8 elementor-widget elementor-widget-heading\" data-id=\"e606ac8\" data-element_type=\"widget\" data-widget_type=\"heading.default\">\n\t\t\t\t\t<h1 class=\"elementor-heading-title elementor-size-default\">Nous sommes l\u00e0 pour vous<\/h1>\t\t\t\t<\/div>\n\t\t\t\t<div class=\"elementor-element elementor-element-c9b1d7d elementor-widget elementor-widget-heading\" data-id=\"c9b1d7d\" data-element_type=\"widget\" data-widget_type=\"heading.default\">\n\t\t\t\t\t<p class=\"elementor-heading-title elementor-size-default\">Besoin d\u2019aide ? Contactez notre \u00e9quipe<\/p>\t\t\t\t<\/div>\n\t\t\t\t<div class=\"elementor-element elementor-element-713ad1e elementor-widget elementor-widget-clotya-contact-form-7\" data-id=\"713ad1e\" data-element_type=\"widget\" data-widget_type=\"clotya-contact-form-7.default\">\n\t\t\t\t<div class=\"elementor-widget-container\">\n\t\t\t\t\t<div class=\"contact-form\">\n<div class=\"wpcf7 no-js\" id=\"wpcf7-f6-o1\" lang=\"fr-FR\" dir=\"ltr\" data-wpcf7-id=\"6\">\n<div class=\"screen-reader-response\"><p role=\"status\" aria-live=\"polite\" aria-atomic=\"true\"><\/p> <ul><\/ul><\/div>\n<form action=\"\/index.php\/wp-json\/wp\/v2\/pages\/2181#wpcf7-f6-o1\" method=\"post\" class=\"wpcf7-form init\" aria-label=\"Formulaire de contact\" novalidate=\"novalidate\" data-status=\"init\">\n<fieldset class=\"hidden-fields-container\"><input type=\"hidden\" name=\"_wpcf7\" value=\"6\" \/><input type=\"hidden\" name=\"_wpcf7_version\" value=\"6.1.3\" \/><input type=\"hidden\" name=\"_wpcf7_locale\" value=\"fr_FR\" \/><input type=\"hidden\" name=\"_wpcf7_unit_tag\" value=\"wpcf7-f6-o1\" \/><input type=\"hidden\" name=\"_wpcf7_container_post\" value=\"0\" \/><input type=\"hidden\" name=\"_wpcf7_posted_data_hash\" value=\"\" \/>\n<\/fieldset>\n<p><label> Votre nom<br \/>\n<span class=\"wpcf7-form-control-wrap\" data-name=\"your-name\"><input size=\"40\" maxlength=\"400\" class=\"wpcf7-form-control wpcf7-text wpcf7-validates-as-required\" autocomplete=\"name\" aria-required=\"true\" aria-invalid=\"false\" value=\"\" type=\"text\" name=\"your-name\" \/><\/span> <\/label>\n<\/p>\n<p><label> Votre e-mail<br \/>\n<span class=\"wpcf7-form-control-wrap\" data-name=\"your-email\"><input size=\"40\" maxlength=\"400\" class=\"wpcf7-form-control wpcf7-email wpcf7-validates-as-required wpcf7-text wpcf7-validates-as-email\" autocomplete=\"email\" aria-required=\"true\" aria-invalid=\"false\" value=\"\" type=\"email\" name=\"your-email\" \/><\/span> <\/label>\n<\/p>\n<p><label> Objet<br \/>\n<span class=\"wpcf7-form-control-wrap\" data-name=\"your-subject\"><input size=\"40\" maxlength=\"400\" class=\"wpcf7-form-control wpcf7-text wpcf7-validates-as-required\" aria-required=\"true\" aria-invalid=\"false\" value=\"\" type=\"text\" name=\"your-subject\" \/><\/span> <\/label>\n<\/p>\n<p><label> Votre message (facultatif)<br \/>\n<span class=\"wpcf7-form-control-wrap\" data-name=\"your-message\"><textarea cols=\"40\" rows=\"10\" maxlength=\"2000\" class=\"wpcf7-form-control wpcf7-textarea\" aria-invalid=\"false\" name=\"your-message\"><\/textarea><\/span> <\/label>\n<\/p>\n<p><input class=\"wpcf7-form-control wpcf7-submit has-spinner\" type=\"submit\" value=\"Envoyer\" \/>\n<\/p><div class=\"wpcf7-response-output\" aria-hidden=\"true\"><\/div>\n<\/form>\n<\/div>\n<\/div><!-- contact-form -->\t\t\t\t<\/div>\n\t\t\t\t<\/div>\n\t\t\t\t\t<\/div>\n\t\t<\/div>\n\t\t\t\t<div class=\"elementor-column elementor-col-25 elementor-top-column elementor-element elementor-element-a6ef122 elementor-hidden-tablet elementor-hidden-mobile\" data-id=\"a6ef122\" data-element_type=\"column\">\n\t\t\t<div class=\"elementor-widget-wrap\">\n\t\t\t\t\t\t\t<\/div>\n\t\t<\/div>\n\t\t\t\t<div class=\"elementor-column elementor-col-25 elementor-top-column elementor-element elementor-element-6d57c76\" data-id=\"6d57c76\" data-element_type=\"column\">\n\t\t\t<div class=\"elementor-widget-wrap elementor-element-populated\">\n\t\t\t\t\t\t<div class=\"elementor-element elementor-element-b6a20cf elementor-widget elementor-widget-clotya-contact-icon-box\" data-id=\"b6a20cf\" data-element_type=\"widget\" data-widget_type=\"clotya-contact-icon-box.default\">\n\t\t\t\t<div class=\"elementor-widget-container\">\n\t\t\t\t\t<div class=\"iconbox-contact\"><div class=\"icon\"><i class=\"klbth-icon-store\"><\/i><\/div><div class=\"detail\"><h4 class=\"entry-header\">Casarosa<\/h4><p><p><strong>Rue de Costantine Batna<\/strong><\/p><p>e-mail:<strong>contact@casarosa.fashion<\/strong><\/p><p>T\u00e9l\u00e9phone:<strong>0561646961<\/strong><\/p><p>\u00a0<\/p><\/p><\/div><!-- detail --><\/div><!-- iconbox-contact -->\t\t\t\t<\/div>\n\t\t\t\t<\/div>\n\t\t\t\t<div class=\"elementor-element elementor-element-6ccab62 elementor-widget elementor-widget-clotya-contact-icon-box\" data-id=\"6ccab62\" data-element_type=\"widget\" data-widget_type=\"clotya-contact-icon-box.default\">\n\t\t\t\t<div class=\"elementor-widget-container\">\n\t\t\t\t\t<div class=\"iconbox-contact\"><div class=\"icon\"><i class=\"klbth-icon-open\"><\/i><\/div><div class=\"detail\"><h4 class=\"entry-header\">Horaires d&#039;ouverture<\/h4><p><p>Du lundi au vendredi : 9h - 17h<br \/>Ferm\u00e9 le week-end<\/p><\/p><\/div><!-- detail --><\/div><!-- iconbox-contact -->\t\t\t\t<\/div>\n\t\t\t\t<\/div>\n\t\t\t\t\t<\/div>\n\t\t<\/div>\n\t\t\t\t\t<\/div>\n\t\t<\/section>\n\t\t\t\t<section class=\"elementor-section elementor-top-section elementor-element elementor-element-2e78980 elementor-section-boxed elementor-section-height-default elementor-section-height-default\" data-id=\"2e78980\" data-element_type=\"section\">\n\t\t\t\t\t\t<div class=\"elementor-container elementor-column-gap-extended\">\n\t\t\t\t\t<div class=\"elementor-column elementor-col-100 elementor-top-column elementor-element elementor-element-a0c1112\" data-id=\"a0c1112\" data-element_type=\"column\">\n\t\t\t<div class=\"elementor-widget-wrap elementor-element-populated\">\n\t\t\t\t\t\t<div class=\"elementor-element elementor-element-02f0b51 elementor-widget elementor-widget-text-editor\" data-id=\"02f0b51\" data-element_type=\"widget\" data-widget_type=\"text-editor.default\">\n\t\t\t\t\t\t\t\t\t<p data-start=\"187\" data-end=\"419\">Bienvenue chez <strong data-start=\"202\" data-end=\"214\">CasaRosa<\/strong>, votre boutique en ligne d\u00e9di\u00e9e \u00e0 la mode f\u00e9minine chic et \u00e9l\u00e9gante.<br data-start=\"283\" data-end=\"286\" \/>Nous sommes ravies de vous accompagner dans vos choix et de vous aider \u00e0 trouver les tenues qui subliment votre style au quotidien.<\/p><p data-start=\"421\" data-end=\"644\">Que vous ayez une question sur un article, une taille, une commande ou une livraison, notre \u00e9quipe est l\u00e0 pour vous \u00e9couter et vous r\u00e9pondre dans les plus brefs d\u00e9lais.<br data-start=\"589\" data-end=\"592\" \/>Votre satisfaction est au c\u0153ur de nos priorit\u00e9s \ud83d\udc96<\/p><p data-start=\"646\" data-end=\"678\">\u00a0<\/p>\t\t\t\t\t\t\t\t<\/div>\n\t\t\t\t\t<\/div>\n\t\t<\/div>\n\t\t\t\t\t<\/div>\n\t\t<\/section>\n\t\t\t\t<\/div>\n\t\t","protected":false},"excerpt":{"rendered":"<p>Contactez-nous Nous sommes l\u00e0 pour vous Besoin d\u2019aide ? Contactez notre \u00e9quipe Votre nom Votre e-mail Objet Votre message (facultatif) Casarosa Rue de Costantine Batna e-mail:contact@casarosa.fashion T\u00e9l\u00e9phone:0561646961 \u00a0 Horaires d&#039;ouverture Du lundi au vendredi : 9h &#8211; 17hFerm\u00e9 le week-end Bienvenue chez CasaRosa, votre boutique en ligne d\u00e9di\u00e9e \u00e0 la mode f\u00e9minine chic et \u00e9l\u00e9gante.Nous<\/p>\n<div class=\"klb-readmore entry-button\"><a class=\"btn link\" href=\"https:\/\/casarosa.fashion\/index.php\/contact\/\">Lire la suite <i class=\"klbth-icon-right-arrow\"><\/i><\/a><\/div>\n","protected":false},"author":1,"featured_media":0,"parent":0,"menu_order":0,"comment_status":"closed","ping_status":"closed","template":"","meta":{"footnotes":""},"class_list":["post-2181","page","type-page","status-publish","hentry"],"yoast_head":"<!-- This site is optimized with the Yoast SEO plugin v26.3 - https:\/\/yoast.com\/wordpress\/plugins\/seo\/ -->\n<title>Contact - Casarosa boutique<\/title>\n<meta name=\"robots\" content=\"index, follow, max-snippet:-1, max-image-preview:large, max-video-preview:-1\" \/>\n<link rel=\"canonical\" href=\"https:\/\/casarosa.fashion\/index.php\/contact\/\" \/>\n<meta property=\"og:locale\" content=\"fr_FR\" \/>\n<meta property=\"og:type\" content=\"article\" \/>\n<meta property=\"og:title\" content=\"Contact - Casarosa boutique\" \/>\n<meta property=\"og:description\" content=\"Contactez-nous Nous sommes l\u00e0 pour vous Besoin d\u2019aide ? Contactez notre \u00e9quipe Votre nom Votre e-mail Objet Votre message (facultatif) Casarosa Rue de Costantine Batna e-mail:contact@casarosa.fashion T\u00e9l\u00e9phone:0561646961 \u00a0 Horaires d&#039;ouverture Du lundi au vendredi : 9h &#8211; 17hFerm\u00e9 le week-end Bienvenue chez CasaRosa, votre boutique en ligne d\u00e9di\u00e9e \u00e0 la mode f\u00e9minine chic et \u00e9l\u00e9gante.NousLire la suite\" \/>\n<meta property=\"og:url\" content=\"https:\/\/casarosa.fashion\/index.php\/contact\/\" \/>\n<meta property=\"og:site_name\" content=\"Casarosa boutique\" \/>\n<meta property=\"article:modified_time\" content=\"2025-11-18T17:35:33+00:00\" \/>\n<meta property=\"og:image\" content=\"https:\/\/casarosa.fashion\/wp-content\/uploads\/elementor\/thumbs\/image-15-re7vjhej80v1ky4qc2d4gnxf8ta1o6wyaqgmgnb188.jpg\" \/>\n<meta name=\"twitter:card\" content=\"summary_large_image\" \/>\n<meta name=\"twitter:label1\" content=\"Dur\u00e9e de lecture estim\u00e9e\" \/>\n\t<meta name=\"twitter:data1\" content=\"1 minute\" \/>\n<script type=\"application\/ld+json\" class=\"yoast-schema-graph\">{\"@context\":\"https:\/\/schema.org\",\"@graph\":[{\"@type\":\"WebPage\",\"@id\":\"https:\/\/casarosa.fashion\/index.php\/contact\/\",\"url\":\"https:\/\/casarosa.fashion\/index.php\/contact\/\",\"name\":\"Contact - Casarosa boutique\",\"isPartOf\":{\"@id\":\"https:\/\/casarosa.fashion\/#website\"},\"primaryImageOfPage\":{\"@id\":\"https:\/\/casarosa.fashion\/index.php\/contact\/#primaryimage\"},\"image\":{\"@id\":\"https:\/\/casarosa.fashion\/index.php\/contact\/#primaryimage\"},\"thumbnailUrl\":\"https:\/\/casarosa.fashion\/wp-content\/uploads\/elementor\/thumbs\/image-15-re7vjhej80v1ky4qc2d4gnxf8ta1o6wyaqgmgnb188.jpg\",\"datePublished\":\"2022-06-04T06:09:03+00:00\",\"dateModified\":\"2025-11-18T17:35:33+00:00\",\"breadcrumb\":{\"@id\":\"https:\/\/casarosa.fashion\/index.php\/contact\/#breadcrumb\"},\"inLanguage\":\"fr-FR\",\"potentialAction\":[{\"@type\":\"ReadAction\",\"target\":[\"https:\/\/casarosa.fashion\/index.php\/contact\/\"]}]},{\"@type\":\"ImageObject\",\"inLanguage\":\"fr-FR\",\"@id\":\"https:\/\/casarosa.fashion\/index.php\/contact\/#primaryimage\",\"url\":\"https:\/\/casarosa.fashion\/wp-content\/uploads\/elementor\/thumbs\/image-15-re7vjhej80v1ky4qc2d4gnxf8ta1o6wyaqgmgnb188.jpg\",\"contentUrl\":\"https:\/\/casarosa.fashion\/wp-content\/uploads\/elementor\/thumbs\/image-15-re7vjhej80v1ky4qc2d4gnxf8ta1o6wyaqgmgnb188.jpg\"},{\"@type\":\"BreadcrumbList\",\"@id\":\"https:\/\/casarosa.fashion\/index.php\/contact\/#breadcrumb\",\"itemListElement\":[{\"@type\":\"ListItem\",\"position\":1,\"name\":\"Accueil\",\"item\":\"https:\/\/casarosa.fashion\/\"},{\"@type\":\"ListItem\",\"position\":2,\"name\":\"Contact\"}]},{\"@type\":\"WebSite\",\"@id\":\"https:\/\/casarosa.fashion\/#website\",\"url\":\"https:\/\/casarosa.fashion\/\",\"name\":\"Casarosa boutique\",\"description\":\"\",\"potentialAction\":[{\"@type\":\"SearchAction\",\"target\":{\"@type\":\"EntryPoint\",\"urlTemplate\":\"https:\/\/casarosa.fashion\/?s={search_term_string}\"},\"query-input\":{\"@type\":\"PropertyValueSpecification\",\"valueRequired\":true,\"valueName\":\"search_term_string\"}}],\"inLanguage\":\"fr-FR\"}]}<\/script>\n<!-- \/ Yoast SEO plugin. -->","yoast_head_json":{"title":"Contact - Casarosa boutique","robots":{"index":"index","follow":"follow","max-snippet":"max-snippet:-1","max-image-preview":"max-image-preview:large","max-video-preview":"max-video-preview:-1"},"canonical":"https:\/\/casarosa.fashion\/index.php\/contact\/","og_locale":"fr_FR","og_type":"article","og_title":"Contact - Casarosa boutique","og_description":"Contactez-nous Nous sommes l\u00e0 pour vous Besoin d\u2019aide ? Contactez notre \u00e9quipe Votre nom Votre e-mail Objet Votre message (facultatif) Casarosa Rue de Costantine Batna e-mail:contact@casarosa.fashion T\u00e9l\u00e9phone:0561646961 \u00a0 Horaires d&#039;ouverture Du lundi au vendredi : 9h &#8211; 17hFerm\u00e9 le week-end Bienvenue chez CasaRosa, votre boutique en ligne d\u00e9di\u00e9e \u00e0 la mode f\u00e9minine chic et \u00e9l\u00e9gante.NousLire la suite","og_url":"https:\/\/casarosa.fashion\/index.php\/contact\/","og_site_name":"Casarosa boutique","article_modified_time":"2025-11-18T17:35:33+00:00","og_image":[{"url":"https:\/\/casarosa.fashion\/wp-content\/uploads\/elementor\/thumbs\/image-15-re7vjhej80v1ky4qc2d4gnxf8ta1o6wyaqgmgnb188.jpg","type":"","width":"","height":""}],"twitter_card":"summary_large_image","twitter_misc":{"Dur\u00e9e de lecture estim\u00e9e":"1 minute"},"schema":{"@context":"https:\/\/schema.org","@graph":[{"@type":"WebPage","@id":"https:\/\/casarosa.fashion\/index.php\/contact\/","url":"https:\/\/casarosa.fashion\/index.php\/contact\/","name":"Contact - Casarosa boutique","isPartOf":{"@id":"https:\/\/casarosa.fashion\/#website"},"primaryImageOfPage":{"@id":"https:\/\/casarosa.fashion\/index.php\/contact\/#primaryimage"},"image":{"@id":"https:\/\/casarosa.fashion\/index.php\/contact\/#primaryimage"},"thumbnailUrl":"https:\/\/casarosa.fashion\/wp-content\/uploads\/elementor\/thumbs\/image-15-re7vjhej80v1ky4qc2d4gnxf8ta1o6wyaqgmgnb188.jpg","datePublished":"2022-06-04T06:09:03+00:00","dateModified":"2025-11-18T17:35:33+00:00","breadcrumb":{"@id":"https:\/\/casarosa.fashion\/index.php\/contact\/#breadcrumb"},"inLanguage":"fr-FR","potentialAction":[{"@type":"ReadAction","target":["https:\/\/casarosa.fashion\/index.php\/contact\/"]}]},{"@type":"ImageObject","inLanguage":"fr-FR","@id":"https:\/\/casarosa.fashion\/index.php\/contact\/#primaryimage","url":"https:\/\/casarosa.fashion\/wp-content\/uploads\/elementor\/thumbs\/image-15-re7vjhej80v1ky4qc2d4gnxf8ta1o6wyaqgmgnb188.jpg","contentUrl":"https:\/\/casarosa.fashion\/wp-content\/uploads\/elementor\/thumbs\/image-15-re7vjhej80v1ky4qc2d4gnxf8ta1o6wyaqgmgnb188.jpg"},{"@type":"BreadcrumbList","@id":"https:\/\/casarosa.fashion\/index.php\/contact\/#breadcrumb","itemListElement":[{"@type":"ListItem","position":1,"name":"Accueil","item":"https:\/\/casarosa.fashion\/"},{"@type":"ListItem","position":2,"name":"Contact"}]},{"@type":"WebSite","@id":"https:\/\/casarosa.fashion\/#website","url":"https:\/\/casarosa.fashion\/","name":"Casarosa boutique","description":"","potentialAction":[{"@type":"SearchAction","target":{"@type":"EntryPoint","urlTemplate":"https:\/\/casarosa.fashion\/?s={search_term_string}"},"query-input":{"@type":"PropertyValueSpecification","valueRequired":true,"valueName":"search_term_string"}}],"inLanguage":"fr-FR"}]}},"jetpack_sharing_enabled":true,"_links":{"self":[{"href":"https:\/\/casarosa.fashion\/index.php\/wp-json\/wp\/v2\/pages\/2181","targetHints":{"allow":["GET"]}}],"collection":[{"href":"https:\/\/casarosa.fashion\/index.php\/wp-json\/wp\/v2\/pages"}],"about":[{"href":"https:\/\/casarosa.fashion\/index.php\/wp-json\/wp\/v2\/types\/page"}],"author":[{"embeddable":true,"href":"https:\/\/casarosa.fashion\/index.php\/wp-json\/wp\/v2\/users\/1"}],"replies":[{"embeddable":true,"href":"https:\/\/casarosa.fashion\/index.php\/wp-json\/wp\/v2\/comments?post=2181"}],"version-history":[{"count":9,"href":"https:\/\/casarosa.fashion\/index.php\/wp-json\/wp\/v2\/pages\/2181\/revisions"}],"predecessor-version":[{"id":3465,"href":"https:\/\/casarosa.fashion\/index.php\/wp-json\/wp\/v2\/pages\/2181\/revisions\/3465"}],"wp:attachment":[{"href":"https:\/\/casarosa.fashion\/index.php\/wp-json\/wp\/v2\/media?parent=2181"}],"curies":[{"name":"wp","href":"https:\/\/api.w.org\/{rel}","templated":true}]}}